{"id":12,"date":"2021-07-20T10:33:18","date_gmt":"2021-07-20T08:33:18","guid":{"rendered":""},"modified":"2023-01-29T13:41:44","modified_gmt":"2023-01-29T12:41:44","slug":"contacto","status":"publish","type":"page","link":"https:\/\/proyectoadicciones.com\/revista\/contacto\/","title":{"rendered":"Contacto"},"content":{"rendered":"\n<h4 class=\"has-text-align-center wp-block-heading\"><strong>Contacta<\/strong> con Nosotros si tienes alguna duda o si quieres estar informado de la apertura del CAMPUS de formaci\u00f3n en tem\u00e1tica de adicciones y salud mental o simplemente subscr\u00edbete al <a href=\"#boletin\">Bolet\u00edn quincenal m\u00e1s abajo<\/a>.<\/h4>\n\n\n\n<div class=\"wp-block-uagb-forms uagb-forms__outer-wrap uagb-block-e6c00063 uagb-forms__medium-btn\"><form class=\"uagb-forms-main-form\" method=\"post\" autocomplete=\"on\" name=\"uagb-form-e6c00063\">\n<div class=\"wp-block-uagb-forms-name uagb-forms-name-wrap uagb-forms-field-set uagb-block-1e2dedae\"><div class=\"uagb-forms-name-label obligatorio uagb-forms-input-label\" id=\"1e2dedae\">Nombre<\/div><input type=\"text\" placeholder=\"Juan\" required class=\"uagb-forms-name-input uagb-forms-input\" name=\"1e2dedae\" autocomplete=\"given-name\"\/><\/div>\n\n\n\n<div class=\"wp-block-uagb-forms-email uagb-forms-email-wrap uagb-forms-field-set uagb-block-ccf7c7c2\"><div class=\"uagb-forms-email-label  uagb-forms-input-label\" id=\"ccf7c7c2\">Correo electr\u00f3nico<\/div><input type=\"email\" class=\"uagb-forms-email-input uagb-forms-input\" placeholder=\"ejemplo@correo.es\" name=\"ccf7c7c2\" autocomplete=\"email\"\/><\/div>\n\n\n\n<div class=\"wp-block-uagb-forms-textarea uagb-forms-textarea-wrap uagb-forms-field-set uagb-block-55ed361e\"><div class=\"uagb-forms-textarea-label obligatorio uagb-forms-input-label\" id=\"55ed361e\">Mensaje<\/div><textarea required class=\"uagb-forms-textarea-input uagb-forms-input\" rows=\"4\" placeholder=\"Introduce tu mensaje\" name=\"55ed361e\" autocomplete=\"off\"><\/textarea><\/div>\n<div class=\"uagb-forms-form-hidden-data\"><input type=\"hidden\" id=\"g-recaptcha-response\" class=\"uagb-forms-recaptcha\"\/><input type=\"hidden\" class=\"uagb_forms_form_label\" value=\"Formulario Spectra\"\/><input type=\"hidden\" class=\"uagb_forms_form_id\" value=\"uagb-form-e6c00063\"\/><\/div><div class=\"g-recaptcha uagb-forms-field-set\" data-sitekey=\"\"><\/div><div class=\"uagb-form-reacaptcha-error-e6c00063\"><\/div><div class=\"uagb-forms-main-submit-button-wrap wp-block-button\"><button class=\"uagb-forms-main-submit-button wp-block-button__link\"><div class=\"uagb-forms-main-submit-button-text\">Enviar<\/div><\/button><\/div><\/form><div class=\"uagb-forms-success-message-e6c00063 uagb-forms-submit-message-hide\"><span>\u00a1El formulario ha sido enviado correctamente!<\/span><\/div><div class=\"uagb-forms-failed-message-e6c00063 uagb-forms-submit-message-hide\"><span>Ha ocurrido alg\u00fan error al enviar el formulario. Por favor, revisa de nuevo todos los campos.<\/span><\/div><\/div>\n\n\n\n<hr class=\"wp-block-separator has-alpha-channel-opacity is-style-wide\"\/>\n\n\n\n<h4 class=\"has-text-align-center wp-block-heading\" id=\"boletin\"><strong>Bolet\u00edn Quincenal<\/strong><\/h4>\n\n\n\n<div style=\"height:10px\" aria-hidden=\"true\" class=\"wp-block-spacer\"><\/div>\n\n\n","protected":false},"excerpt":{"rendered":"<p>Contacta con Nosotros si tienes alguna duda o si quieres estar informado de la apertura del CAMPUS de formaci\u00f3n en tem\u00e1tica de adicciones y salud mental o simplemente subscr\u00edbete al Bolet\u00edn quincenal m\u00e1s abajo. Bolet\u00edn Quincenal<\/p>\n","protected":false},"author":1,"featured_media":0,"parent":0,"menu_order":0,"comment_status":"closed","ping_status":"closed","template":"","meta":{"_acf_changed":false,"site-sidebar-layout":"no-sidebar","site-content-layout":"page-builder","ast-site-content-layout":"default","site-content-style":"default","site-sidebar-style":"default","ast-global-header-display":"","ast-banner-title-visibility":"","ast-main-header-display":"","ast-hfb-above-header-display":"","ast-hfb-below-header-display":"","ast-hfb-mobile-header-display":"","site-post-title":"disabled","ast-breadcrumbs-content":"disabled","ast-featured-img":"disabled","footer-sml-layout":"","ast-disable-related-posts":"","theme-transparent-header-meta":"default","adv-header-id-meta":"","stick-header-meta":"","header-above-stick-meta":"","header-main-stick-meta":"","header-below-stick-meta":"","astra-migrate-meta-layouts":"default","ast-page-background-enabled":"default","ast-page-background-meta":{"desktop":{"background-color":"var(--ast-global-color-4)","background-image":"","background-repeat":"repeat","background-position":"center center","background-size":"auto","background-attachment":"scroll","background-type":"","background-media":"","overlay-type":"","overlay-color":"","overlay-opacity":"","overlay-gradient":""},"tablet":{"background-color":"","background-image":"","background-repeat":"repeat","background-position":"center center","background-size":"auto","background-attachment":"scroll","background-type":"","background-media":"","overlay-type":"","overlay-color":"","overlay-opacity":"","overlay-gradient":""},"mobile":{"background-color":"","background-image":"","background-repeat":"repeat","background-position":"center center","background-size":"auto","background-attachment":"scroll","background-type":"","background-media":"","overlay-type":"","overlay-color":"","overlay-opacity":"","overlay-gradient":""}},"ast-content-background-meta":{"desktop":{"background-color":"var(--ast-global-color-5)","background-image":"","background-repeat":"repeat","background-position":"center center","background-size":"auto","background-attachment":"scroll","background-type":"","background-media":"","overlay-type":"","overlay-color":"","overlay-opacity":"","overlay-gradient":""},"tablet":{"background-color":"var(--ast-global-color-5)","background-image":"","background-repeat":"repeat","background-position":"center center","background-size":"auto","background-attachment":"scroll","background-type":"","background-media":"","overlay-type":"","overlay-color":"","overlay-opacity":"","overlay-gradient":""},"mobile":{"background-color":"var(--ast-global-color-5)","background-image":"","background-repeat":"repeat","background-position":"center center","background-size":"auto","background-attachment":"scroll","background-type":"","background-media":"","overlay-type":"","overlay-color":"","overlay-opacity":"","overlay-gradient":""}},"footnotes":""},"class_list":["post-12","page","type-page","status-publish","hentry"],"acf":[],"_links":{"self":[{"href":"https:\/\/proyectoadicciones.com\/revista\/wp-json\/wp\/v2\/pages\/12","targetHints":{"allow":["GET"]}}],"collection":[{"href":"https:\/\/proyectoadicciones.com\/revista\/wp-json\/wp\/v2\/pages"}],"about":[{"href":"https:\/\/proyectoadicciones.com\/revista\/wp-json\/wp\/v2\/types\/page"}],"author":[{"embeddable":true,"href":"https:\/\/proyectoadicciones.com\/revista\/wp-json\/wp\/v2\/users\/1"}],"replies":[{"embeddable":true,"href":"https:\/\/proyectoadicciones.com\/revista\/wp-json\/wp\/v2\/comments?post=12"}],"version-history":[{"count":0,"href":"https:\/\/proyectoadicciones.com\/revista\/wp-json\/wp\/v2\/pages\/12\/revisions"}],"wp:attachment":[{"href":"https:\/\/proyectoadicciones.com\/revista\/wp-json\/wp\/v2\/media?parent=12"}],"curies":[{"name":"wp","href":"https:\/\/api.w.org\/{rel}","templated":true}]}}